{"id":241,"date":"2023-02-23T18:45:33","date_gmt":"2023-02-23T18:45:33","guid":{"rendered":"https:\/\/ol-owl.de\/?page_id=241"},"modified":"2026-03-12T15:00:18","modified_gmt":"2026-03-12T15:00:18","slug":"lrl-sprint-ol-2023-dpt","status":"publish","type":"page","link":"https:\/\/ol-owl.de\/?page_id=241","title":{"rendered":"LRL Sprint-OL 2023 (DPT)"},"content":{"rendered":"\n<p>Im Vorfeld der Deutschen Meisterschaften Mitteldistanz 2023 in Willebadessen findet ein Sprint der f\u00fcr die Landesrangliste NRW und f\u00fcr die Deutsche Park Tour gewertet wird.<\/p>\n\n\n\n<p>Ausgerichtet wird er von der Jugend des OL Team Lippe mit Unterst\u00fctzung einiger erfahrener Ausrichtern.<\/p>\n\n\n\n<p>Ergebnisse<\/p>\n\n\n\n<p><\/p>\n","protected":false},"excerpt":{"rendered":"<p>Im Vorfeld der Deutschen Meisterschaften Mitteldistanz 2023 in Willebadessen findet ein Sprint der f\u00fcr die Landesrangliste NRW und f\u00fcr die Deutsche Park Tour gewertet wird. Ausgerichtet wird er von der Jugend des OL Team Lippe mit Unterst\u00fctzung einiger erfahrener Ausrichtern. Ergebnisse<\/p>\n","protected":false},"author":1,"featured_media":0,"parent":0,"menu_order":0,"comment_status":"closed","ping_status":"closed","template":"","meta":{"footnotes":""},"class_list":["post-241","page","type-page","status-publish","hentry"],"_links":{"self":[{"href":"https:\/\/ol-owl.de\/index.php?rest_route=\/wp\/v2\/pages\/241","targetHints":{"allow":["GET"]}}],"collection":[{"href":"https:\/\/ol-owl.de\/index.php?rest_route=\/wp\/v2\/pages"}],"about":[{"href":"https:\/\/ol-owl.de\/index.php?rest_route=\/wp\/v2\/types\/page"}],"author":[{"embeddable":true,"href":"https:\/\/ol-owl.de\/index.php?rest_route=\/wp\/v2\/users\/1"}],"replies":[{"embeddable":true,"href":"https:\/\/ol-owl.de\/index.php?rest_route=%2Fwp%2Fv2%2Fcomments&post=241"}],"version-history":[{"count":8,"href":"https:\/\/ol-owl.de\/index.php?rest_route=\/wp\/v2\/pages\/241\/revisions"}],"predecessor-version":[{"id":367,"href":"https:\/\/ol-owl.de\/index.php?rest_route=\/wp\/v2\/pages\/241\/revisions\/367"}],"wp:attachment":[{"href":"https:\/\/ol-owl.de\/index.php?rest_route=%2Fwp%2Fv2%2Fmedia&parent=241"}],"curies":[{"name":"wp","href":"https:\/\/api.w.org\/{rel}","templated":true}]}}