{"id":90,"date":"2022-01-06T09:03:35","date_gmt":"2022-01-06T09:03:35","guid":{"rendered":"https:\/\/ol-owl.de\/?page_id=90"},"modified":"2022-09-12T16:46:47","modified_gmt":"2022-09-12T16:46:47","slug":"nrw-ol-wochenende-2022","status":"publish","type":"page","link":"https:\/\/ol-owl.de\/?page_id=90","title":{"rendered":"NRW OL Wochenende 2022"},"content":{"rendered":"\n<p>Am 30.4. und 1.5.2022 fand rund um Detmold ein OL Wochenende mit zwei NRW Landesranglistenl\u00e4ufen statt. <\/p>\n\n\n\n<p>Am Samstag ging es in den abwechslungsreichen Leistruper Wald \u00f6stlich von Detmold. Neben offenen Buchenw\u00e4ldern gab es auch Gebiete mit kleinen und gro\u00dfen Steinen.<\/p>\n\n\n\n<p>Am Sonntag folgte ein Doppelsprint mit Wertung zur Deutschen Parktour in der Innenstadt von Detmold. Die Karte, 2009 im Rahmen eines Biathlon-OLs schon einmal genutzt, wurde erweitert und runderneuert. Bei beiden L\u00e4ufen galt es bei hohem Tempo die Kontrolle zwischen den kleinen Durchg\u00e4ngen zu behalten und die richtigen Routen auf l\u00e4ngeren Teilstrecken zu w\u00e4hlen.<\/p>\n\n\n\n<p><strong>Oiffizielle Ergebnisse und die Zwischenzeiten<\/strong>:<\/p>\n\n\n\n<p><a href=\"https:\/\/ol-owl.de\/wp-content\/uploads\/2022\/04\/detmold22_ergebnisse_leistruper_wald.pdf\">Ergebnisse LRL Lang Diestelbruch<\/a><\/p>\n\n\n\n<p><a href=\"https:\/\/ol-owl.de\/wp-content\/uploads\/2022\/04\/detmold22_zwischenzeiten_leistruper_wald.pdf\">Ergebnisse LRL Lang Diestelbruch Zwischenzeiten<\/a><\/p>\n\n\n\n<p><a href=\"https:\/\/ol-owl.de\/wp-content\/uploads\/2022\/05\/detmold22_gesamtergebnis_sprints.pdf\">Ergebnisse LRL Sprint Gesamt<\/a><\/p>\n\n\n\n<p><a href=\"https:\/\/ol-owl.de\/wp-content\/uploads\/2022\/05\/detmold22_ergebnisse_sprint1.pdf\">Ergebnis LRL Sprint Lauf 1<\/a><\/p>\n\n\n\n<p><a href=\"https:\/\/ol-owl.de\/wp-content\/uploads\/2022\/05\/detmold22_zwischenzeiten_sprint1.pdf\">Ergebnisse LRL Sprint Lauf 1 Zwischenzeiten<\/a><\/p>\n\n\n\n<p><a href=\"https:\/\/ol-owl.de\/wp-content\/uploads\/2022\/05\/detmold22_ergebnisse_sprint2.pdf\">Ergebnisse LRL Sprint Lauf 2<\/a><\/p>\n\n\n\n<p><a href=\"https:\/\/ol-owl.de\/wp-content\/uploads\/2022\/05\/detmold22_zwischenzeiten_sprint2.pdf\">Ergebnisse LRL Sprint Lauf 2 Zwischenzeiten<\/a><\/p>\n","protected":false},"excerpt":{"rendered":"<p>Am 30.4. und 1.5.2022 fand rund um Detmold ein OL Wochenende mit zwei NRW Landesranglistenl\u00e4ufen statt. Am Samstag ging es in den abwechslungsreichen Leistruper Wald \u00f6stlich von Detmold. Neben offenen Buchenw\u00e4ldern gab es auch Gebiete mit kleinen und gro\u00dfen Steinen. Am Sonntag folgte ein Doppelsprint mit Wertung zur Deutschen Parktour in der Innenstadt von Detmold. Die Karte, 2009 im Rahmen eines Biathlon-OLs schon einmal genutzt, wurde erweitert und runderneuert. Bei beiden L\u00e4ufen galt es bei hohem Tempo die Kontrolle zwischen&#8230;<\/p>\n<p class=\"read-more\"><a class=\"btn btn-default\" href=\"https:\/\/ol-owl.de\/?page_id=90\">Weiterlesen<span class=\"screen-reader-text\"> Weiterlesen<\/span><\/a><\/p>\n","protected":false},"author":1,"featured_media":0,"parent":0,"menu_order":0,"comment_status":"closed","ping_status":"closed","template":"","meta":{"footnotes":""},"class_list":["post-90","page","type-page","status-publish","hentry"],"_links":{"self":[{"href":"https:\/\/ol-owl.de\/index.php?rest_route=\/wp\/v2\/pages\/90","targetHints":{"allow":["GET"]}}],"collection":[{"href":"https:\/\/ol-owl.de\/index.php?rest_route=\/wp\/v2\/pages"}],"about":[{"href":"https:\/\/ol-owl.de\/index.php?rest_route=\/wp\/v2\/types\/page"}],"author":[{"embeddable":true,"href":"https:\/\/ol-owl.de\/index.php?rest_route=\/wp\/v2\/users\/1"}],"replies":[{"embeddable":true,"href":"https:\/\/ol-owl.de\/index.php?rest_route=%2Fwp%2Fv2%2Fcomments&post=90"}],"version-history":[{"count":8,"href":"https:\/\/ol-owl.de\/index.php?rest_route=\/wp\/v2\/pages\/90\/revisions"}],"predecessor-version":[{"id":171,"href":"https:\/\/ol-owl.de\/index.php?rest_route=\/wp\/v2\/pages\/90\/revisions\/171"}],"wp:attachment":[{"href":"https:\/\/ol-owl.de\/index.php?rest_route=%2Fwp%2Fv2%2Fmedia&parent=90"}],"curies":[{"name":"wp","href":"https:\/\/api.w.org\/{rel}","templated":true}]}}